{"id":211,"date":"2022-11-14T12:49:51","date_gmt":"2022-11-14T11:49:51","guid":{"rendered":"https:\/\/www.noxium.es\/?page_id=211"},"modified":"2024-09-04T08:48:07","modified_gmt":"2024-09-04T07:48:07","slug":"blog-de-noticias","status":"publish","type":"page","link":"https:\/\/www.noxium.es\/en\/blog-de-noticias\/","title":{"rendered":"News Blog"},"content":{"rendered":"<div class=\"wp-block-uagb-container uagb-block-92000d0f alignfull uagb-is-root-container\"><div class=\"uagb-container__shape uagb-container__shape-top\"><svg xmlns=\"https:\/\/www.w3.org\/2000\/svg\" viewbox=\"0 0 283.5 19.6\" preserveaspectratio=\"none\"><path class=\"uagb-container__shape-fill\" opacity=\"0.33\" d=\"M0 0L0 18.8 141.8 4.1 283.5 18.8 283.5 0z\"><\/path><path class=\"uagb-container__shape-fill\" opacity=\"0.33\" d=\"M0 0L0 12.6 141.8 4 283.5 12.6 283.5 0z\"><\/path><path class=\"uagb-container__shape-fill\" opacity=\"0.33\" d=\"M0 0L0 6.4 141.8 4 283.5 6.4 283.5 0z\"><\/path><path class=\"uagb-container__shape-fill\" d=\"M0 0L0 1.2 141.8 4 283.5 1.2 283.5 0z\"><\/path><\/svg><\/div><div class=\"uagb-container__shape uagb-container__shape-bottom uagb-container__invert\" data-negative=\"false\"><svg xmlns=\"https:\/\/www.w3.org\/2000\/svg\" viewbox=\"0 0 283.5 19.6\" preserveaspectratio=\"none\"><path class=\"uagb-container__shape-fill\" opacity=\"0.33\" d=\"M0 0L0 18.8 141.8 4.1 283.5 18.8 283.5 0z\"><\/path><path class=\"uagb-container__shape-fill\" opacity=\"0.33\" d=\"M0 0L0 12.6 141.8 4 283.5 12.6 283.5 0z\"><\/path><path class=\"uagb-container__shape-fill\" opacity=\"0.33\" d=\"M0 0L0 6.4 141.8 4 283.5 6.4 283.5 0z\"><\/path><path class=\"uagb-container__shape-fill\" d=\"M0 0L0 1.2 141.8 4 283.5 1.2 283.5 0z\"><\/path><\/svg><\/div><div class=\"uagb-container-inner-blocks-wrap\">\n<div class=\"wp-block-uagb-advanced-heading uagb-block-a7eebdf6\"><h2 class=\"uagb-heading-text\">News Blog<\/h2><\/div>\n<\/div><\/div>\n\n\n\n<div class=\"wp-block-uagb-container uagb-block-f92dfa9b alignfull uagb-is-root-container\"><div class=\"uagb-container__shape uagb-container__shape-top\"><svg xmlns=\"https:\/\/www.w3.org\/2000\/svg\" viewbox=\"0 0 283.5 19.6\" preserveaspectratio=\"none\"><path class=\"uagb-container__shape-fill\" opacity=\"0.33\" d=\"M0 0L0 18.8 141.8 4.1 283.5 18.8 283.5 0z\"><\/path><path class=\"uagb-container__shape-fill\" opacity=\"0.33\" d=\"M0 0L0 12.6 141.8 4 283.5 12.6 283.5 0z\"><\/path><path class=\"uagb-container__shape-fill\" opacity=\"0.33\" d=\"M0 0L0 6.4 141.8 4 283.5 6.4 283.5 0z\"><\/path><path class=\"uagb-container__shape-fill\" d=\"M0 0L0 1.2 141.8 4 283.5 1.2 283.5 0z\"><\/path><\/svg><\/div><div class=\"uagb-container__shape uagb-container__shape-bottom uagb-container__invert\" data-negative=\"false\"><svg xmlns=\"https:\/\/www.w3.org\/2000\/svg\" viewbox=\"0 0 283.5 19.6\" preserveaspectratio=\"none\"><path class=\"uagb-container__shape-fill\" opacity=\"0.33\" d=\"M0 0L0 18.8 141.8 4.1 283.5 18.8 283.5 0z\"><\/path><path class=\"uagb-container__shape-fill\" opacity=\"0.33\" d=\"M0 0L0 12.6 141.8 4 283.5 12.6 283.5 0z\"><\/path><path class=\"uagb-container__shape-fill\" opacity=\"0.33\" d=\"M0 0L0 6.4 141.8 4 283.5 6.4 283.5 0z\"><\/path><path class=\"uagb-container__shape-fill\" d=\"M0 0L0 1.2 141.8 4 283.5 1.2 283.5 0z\"><\/path><\/svg><\/div><div class=\"uagb-container-inner-blocks-wrap\">\n<div class=\"wp-block-uagb-advanced-heading uagb-block-e1e81d49\"><p class=\"uagb-heading-text\">Welcome to the Noxium News Blog about the latest news in the sector and the changes, concerns and initiatives of our company.<\/p><div class=\"uagb-separator\"><\/div><\/div>\n\n\n\n\t\t\t<div class=\"wp-block-uagb-post-grid uagb-post-grid  uagb-post__image-position-top uagb-post__image-enabled uagb-block-edaf0bf5     uagb-post__items uagb-post__columns-3 is-grid uagb-post__columns-tablet-2 uagb-post__columns-mobile-1 uagb-post__equal-height uagb-equal_height_inline-read-more-buttons\" data-total=\"1\" style=\"\">\n\n\t\t\t\t\t\t\t\t\t\t\t\t<article class=\"uagb-post__inner-wrap\">\t\t\t\t\t\t\t\t<div class='uagb-post__image'>\n\t\t\t\t\t\t\t\t\t<a href=\"https:\/\/www.noxium.es\/en\/guia-para-escoger-los-mejores-routers-4g-de-noxium\/\" target=\"_self\" rel=\"bookmark noopener noreferrer\" class='uagb-image-ratio-2-3'><img loading=\"lazy\" decoding=\"async\" width=\"1280\" height=\"853\" src=\"https:\/\/www.noxium.es\/wp-content\/uploads\/2024\/07\/gd0408164a757a4ecc89e2eab0cf693c8d9a290c4a80e29513add76072227fbee92ae54d662a38fb4e46ea0979875dc0f682a0f9e5d3c1c1954fbda02795e5ddf_1280-4814456.jpg\" class=\"attachment-full size-full\" alt=\"gd0408164a757a4ecc89e2eab0cf693c8d9a290c4a80e29513add76072227fbee92ae54d662a38fb4e46ea0979875dc0f682a0f9e5d3c1c1954fbda02795e5ddf_1280-4814456.jpg\" srcset=\"https:\/\/www.noxium.es\/wp-content\/uploads\/2024\/07\/gd0408164a757a4ecc89e2eab0cf693c8d9a290c4a80e29513add76072227fbee92ae54d662a38fb4e46ea0979875dc0f682a0f9e5d3c1c1954fbda02795e5ddf_1280-4814456.jpg 1280w, https:\/\/www.noxium.es\/wp-content\/uploads\/2024\/07\/gd0408164a757a4ecc89e2eab0cf693c8d9a290c4a80e29513add76072227fbee92ae54d662a38fb4e46ea0979875dc0f682a0f9e5d3c1c1954fbda02795e5ddf_1280-4814456-300x200.jpg 300w, https:\/\/www.noxium.es\/wp-content\/uploads\/2024\/07\/gd0408164a757a4ecc89e2eab0cf693c8d9a290c4a80e29513add76072227fbee92ae54d662a38fb4e46ea0979875dc0f682a0f9e5d3c1c1954fbda02795e5ddf_1280-4814456-1024x682.jpg 1024w, https:\/\/www.noxium.es\/wp-content\/uploads\/2024\/07\/gd0408164a757a4ecc89e2eab0cf693c8d9a290c4a80e29513add76072227fbee92ae54d662a38fb4e46ea0979875dc0f682a0f9e5d3c1c1954fbda02795e5ddf_1280-4814456-768x512.jpg 768w, https:\/\/www.noxium.es\/wp-content\/uploads\/2024\/07\/gd0408164a757a4ecc89e2eab0cf693c8d9a290c4a80e29513add76072227fbee92ae54d662a38fb4e46ea0979875dc0f682a0f9e5d3c1c1954fbda02795e5ddf_1280-4814456-18x12.jpg 18w\" sizes=\"(max-width: 1280px) 100vw, 1280px\" \/>\t\t\t\t\t<\/a>\n\t\t\t\t\t\t\t<\/div>\n\t\t\t\t\t\t<h4 class=\"uagb-post__title uagb-post__text\">\n\t\t\t\t<a href=\"https:\/\/www.noxium.es\/en\/guia-para-escoger-los-mejores-routers-4g-de-noxium\/\" target=\"_self\" rel=\"bookmark noopener noreferrer\">Guide to choose the best 4G routers from Noxium<\/a>\n\t\t\t<\/h4>\n\t\t\t\t\t\t<div class='uagb-post__text uagb-post-grid-byline'>\n\t\t\t\t\t\t\t\t<time datetime=\"2024-07-15T08:36:45+01:00\" class=\"uagb-post__date\">\n\t\t\t\t<span class=\"dashicons-calendar dashicons\"><\/span>\t\t\t\t\t15\/07\/2024\t\t\t\t<\/time>\n\t\t\t\t\t\t<\/div>\n\t\t\t\t\t\t\t<div class='uagb-post__text uagb-post__excerpt'>\n\t\t\t\t\t<p>Noxium's Guide to Choosing the Best 4G Routers In the world of business and industry, a stable and secure Internet connection is crucial to maintaining productivity and operational efficiency. 4G routers have become an essential solution for many businesses....\t\t\t\t<\/div>\n\t\t\t\t\t\t<div class=\"uagb-post__text uagb-post__cta wp-block-button\">\n\t\t\t\t<a class=\"ast-outline-button uagb-text-link\" style=\"border-width: revert-layer;\" href=\"https:\/\/www.noxium.es\/en\/guia-para-escoger-los-mejores-routers-4g-de-noxium\/\" target=\"_self\" rel=\"bookmark noopener noreferrer\">Read More<\/a>\n\t\t\t<\/div>\n\t\t\t\n\t\t\t\t\t\t\t\t\t<\/article>\n\t\t\t\t\t\t\t\t\t\t\t\t\t\t\t\t<article class=\"uagb-post__inner-wrap\">\t\t\t\t\t\t\t\t<div class='uagb-post__image'>\n\t\t\t\t\t\t\t\t\t<a href=\"https:\/\/www.noxium.es\/en\/soluciones-iot-industrial-productividad\/\" target=\"_self\" rel=\"bookmark noopener noreferrer\" class='uagb-image-ratio-2-3'><img loading=\"lazy\" decoding=\"async\" width=\"1024\" height=\"576\" src=\"https:\/\/www.noxium.es\/wp-content\/uploads\/2024\/03\/Noxium-Como-deben-ser-las-soluciones-de-IoT-industrial-para-disparar-la-productividad.jpg\" class=\"attachment-full size-full\" alt=\"Noxium - C\u00f3mo deben ser las soluciones de IoT industrial para disparar la productividad\" srcset=\"https:\/\/www.noxium.es\/wp-content\/uploads\/2024\/03\/Noxium-Como-deben-ser-las-soluciones-de-IoT-industrial-para-disparar-la-productividad.jpg 1024w, https:\/\/www.noxium.es\/wp-content\/uploads\/2024\/03\/Noxium-Como-deben-ser-las-soluciones-de-IoT-industrial-para-disparar-la-productividad-300x169.jpg 300w, https:\/\/www.noxium.es\/wp-content\/uploads\/2024\/03\/Noxium-Como-deben-ser-las-soluciones-de-IoT-industrial-para-disparar-la-productividad-768x432.jpg 768w, https:\/\/www.noxium.es\/wp-content\/uploads\/2024\/03\/Noxium-Como-deben-ser-las-soluciones-de-IoT-industrial-para-disparar-la-productividad-18x10.jpg 18w\" sizes=\"(max-width: 1024px) 100vw, 1024px\" \/>\t\t\t\t\t<\/a>\n\t\t\t\t\t\t\t<\/div>\n\t\t\t\t\t\t<h4 class=\"uagb-post__title uagb-post__text\">\n\t\t\t\t<a href=\"https:\/\/www.noxium.es\/en\/soluciones-iot-industrial-productividad\/\" target=\"_self\" rel=\"bookmark noopener noreferrer\">What industrial IoT solutions should look like to boost productivity<\/a>\n\t\t\t<\/h4>\n\t\t\t\t\t\t<div class='uagb-post__text uagb-post-grid-byline'>\n\t\t\t\t\t\t\t\t<time datetime=\"2024-03-14T12:15:21+01:00\" class=\"uagb-post__date\">\n\t\t\t\t<span class=\"dashicons-calendar dashicons\"><\/span>\t\t\t\t\t14\/03\/2024\t\t\t\t<\/time>\n\t\t\t\t\t\t<\/div>\n\t\t\t\t\t\t\t<div class='uagb-post__text uagb-post__excerpt'>\n\t\t\t\t\t<p>What industrial IoT solutions must look like to boost productivity In an industry where efficiency and productivity are vital, industrial IoT solutions are the key to operational evolution. This article explores how some key properties of these solutions are shaping the future...\t\t\t\t<\/div>\n\t\t\t\t\t\t<div class=\"uagb-post__text uagb-post__cta wp-block-button\">\n\t\t\t\t<a class=\"ast-outline-button uagb-text-link\" style=\"border-width: revert-layer;\" href=\"https:\/\/www.noxium.es\/en\/soluciones-iot-industrial-productividad\/\" target=\"_self\" rel=\"bookmark noopener noreferrer\">Read More<\/a>\n\t\t\t<\/div>\n\t\t\t\n\t\t\t\t\t\t\t\t\t<\/article>\n\t\t\t\t\t\t\t\t\t\t\t\t\t\t\t\t<article class=\"uagb-post__inner-wrap\">\t\t\t\t\t\t\t\t<div class='uagb-post__image'>\n\t\t\t\t\t\t\t\t\t<a href=\"https:\/\/www.noxium.es\/en\/apagon-del-2g-ree-cambia-la-telemedida-de-contadores\/\" target=\"_self\" rel=\"bookmark noopener noreferrer\" class='uagb-image-ratio-2-3'><img loading=\"lazy\" decoding=\"async\" width=\"1280\" height=\"853\" src=\"https:\/\/www.noxium.es\/wp-content\/uploads\/2024\/01\/industry-power-pole-power-line-3112436.jpg\" class=\"attachment-full size-full\" alt=\"industry, power pole, power line-3112436.jpg\" srcset=\"https:\/\/www.noxium.es\/wp-content\/uploads\/2024\/01\/industry-power-pole-power-line-3112436.jpg 1280w, https:\/\/www.noxium.es\/wp-content\/uploads\/2024\/01\/industry-power-pole-power-line-3112436-300x200.jpg 300w, https:\/\/www.noxium.es\/wp-content\/uploads\/2024\/01\/industry-power-pole-power-line-3112436-1024x682.jpg 1024w, https:\/\/www.noxium.es\/wp-content\/uploads\/2024\/01\/industry-power-pole-power-line-3112436-768x512.jpg 768w, https:\/\/www.noxium.es\/wp-content\/uploads\/2024\/01\/industry-power-pole-power-line-3112436-18x12.jpg 18w\" sizes=\"(max-width: 1280px) 100vw, 1280px\" \/>\t\t\t\t\t<\/a>\n\t\t\t\t\t\t\t<\/div>\n\t\t\t\t\t\t<h4 class=\"uagb-post__title uagb-post__text\">\n\t\t\t\t<a href=\"https:\/\/www.noxium.es\/en\/apagon-del-2g-ree-cambia-la-telemedida-de-contadores\/\" target=\"_self\" rel=\"bookmark noopener noreferrer\">2G blackout. REE changes the remote measurement of meters.<\/a>\n\t\t\t<\/h4>\n\t\t\t\t\t\t<div class='uagb-post__text uagb-post-grid-byline'>\n\t\t\t\t\t\t\t\t<time datetime=\"2024-01-23T12:54:55+01:00\" class=\"uagb-post__date\">\n\t\t\t\t<span class=\"dashicons-calendar dashicons\"><\/span>\t\t\t\t\t23\/01\/2024\t\t\t\t<\/time>\n\t\t\t\t\t\t<\/div>\n\t\t\t\t\t\t\t<div class='uagb-post__text uagb-post__excerpt'>\n\t\t\t\t\tRed El\u00e9ctrica de Espa\u00f1a announced to its customers, whose facilities are located at energy exchange border points and communicate with the main metering concentrator, to migrate the reading systems to an IP-based infrastructure, covering all Type 1 and Type 2 meters....\t\t\t\t<\/div>\n\t\t\t\t\t\t<div class=\"uagb-post__text uagb-post__cta wp-block-button\">\n\t\t\t\t<a class=\"ast-outline-button uagb-text-link\" style=\"border-width: revert-layer;\" href=\"https:\/\/www.noxium.es\/en\/apagon-del-2g-ree-cambia-la-telemedida-de-contadores\/\" target=\"_self\" rel=\"bookmark noopener noreferrer\">Read More<\/a>\n\t\t\t<\/div>\n\t\t\t\n\t\t\t\t\t\t\t\t\t<\/article>\n\t\t\t\t\t\t\t\t\t\t\t\t\t\t\t\t<article class=\"uagb-post__inner-wrap\">\t\t\t\t\t\t\t\t<div class='uagb-post__image'>\n\t\t\t\t\t\t\t\t\t<a href=\"https:\/\/www.noxium.es\/en\/la-propuesta-de-valor-de-noxium\/\" target=\"_self\" rel=\"bookmark noopener noreferrer\" class='uagb-image-ratio-2-3'><img loading=\"lazy\" decoding=\"async\" width=\"2304\" height=\"1728\" src=\"https:\/\/www.noxium.es\/wp-content\/uploads\/2023\/03\/100_1927.jpg\" class=\"attachment-full size-full\" alt=\"Edificio de las oficinas de Noxium\" srcset=\"https:\/\/www.noxium.es\/wp-content\/uploads\/2023\/03\/100_1927.jpg 2304w, https:\/\/www.noxium.es\/wp-content\/uploads\/2023\/03\/100_1927-300x225.jpg 300w, https:\/\/www.noxium.es\/wp-content\/uploads\/2023\/03\/100_1927-1024x768.jpg 1024w, https:\/\/www.noxium.es\/wp-content\/uploads\/2023\/03\/100_1927-768x576.jpg 768w, https:\/\/www.noxium.es\/wp-content\/uploads\/2023\/03\/100_1927-1536x1152.jpg 1536w, https:\/\/www.noxium.es\/wp-content\/uploads\/2023\/03\/100_1927-2048x1536.jpg 2048w, https:\/\/www.noxium.es\/wp-content\/uploads\/2023\/03\/100_1927-1320x990.jpg 1320w\" sizes=\"(max-width: 2304px) 100vw, 2304px\" \/>\t\t\t\t\t<\/a>\n\t\t\t\t\t\t\t<\/div>\n\t\t\t\t\t\t<h4 class=\"uagb-post__title uagb-post__text\">\n\t\t\t\t<a href=\"https:\/\/www.noxium.es\/en\/la-propuesta-de-valor-de-noxium\/\" target=\"_self\" rel=\"bookmark noopener noreferrer\">Noxium's value proposition<\/a>\n\t\t\t<\/h4>\n\t\t\t\t\t\t<div class='uagb-post__text uagb-post-grid-byline'>\n\t\t\t\t\t\t\t\t<time datetime=\"2023-03-08T15:07:22+01:00\" class=\"uagb-post__date\">\n\t\t\t\t<span class=\"dashicons-calendar dashicons\"><\/span>\t\t\t\t\t08\/03\/2023\t\t\t\t<\/time>\n\t\t\t\t\t\t<\/div>\n\t\t\t\t\t\t\t<div class='uagb-post__text uagb-post__excerpt'>\n\t\t\t\t\t<p>La propuesta de valor de Noxium Tener valores es fundamental Variables de campo en tiempo de decisi\u00f3n Aunque se puede resumir en una frase, en Noxium llevamos (y seguimos) trabajando en este objetivo desde el comienzo, en 2002. Y es que esta propuesta de valor se desglosa en&#8230;\t\t\t\t<\/div>\n\t\t\t\t\t\t<div class=\"uagb-post__text uagb-post__cta wp-block-button\">\n\t\t\t\t<a class=\"ast-outline-button uagb-text-link\" style=\"border-width: revert-layer;\" href=\"https:\/\/www.noxium.es\/en\/la-propuesta-de-valor-de-noxium\/\" target=\"_self\" rel=\"bookmark noopener noreferrer\">Read More<\/a>\n\t\t\t<\/div>\n\t\t\t\n\t\t\t\t\t\t\t\t\t<\/article>\n\t\t\t\t\t\t\t\t\t\t\t\t\t\t\t\t<article class=\"uagb-post__inner-wrap\">\t\t\t\t\t\t\t\t<div class='uagb-post__image'>\n\t\t\t\t\t\t\t\t\t<a href=\"https:\/\/www.noxium.es\/en\/operadoras-de-telecomunicaciones-en-el-mundo-iot\/\" target=\"_self\" rel=\"bookmark noopener noreferrer\" class='uagb-image-ratio-2-3'><img loading=\"lazy\" decoding=\"async\" width=\"1280\" height=\"720\" src=\"https:\/\/www.noxium.es\/wp-content\/uploads\/2022\/11\/gadgets-technology-internet-6469387.jpg\" class=\"attachment-full size-full\" alt=\"gadgets, technology, internet-6469387.jpg\" srcset=\"https:\/\/www.noxium.es\/wp-content\/uploads\/2022\/11\/gadgets-technology-internet-6469387.jpg 1280w, https:\/\/www.noxium.es\/wp-content\/uploads\/2022\/11\/gadgets-technology-internet-6469387-300x169.jpg 300w, https:\/\/www.noxium.es\/wp-content\/uploads\/2022\/11\/gadgets-technology-internet-6469387-1024x576.jpg 1024w, https:\/\/www.noxium.es\/wp-content\/uploads\/2022\/11\/gadgets-technology-internet-6469387-768x432.jpg 768w\" sizes=\"(max-width: 1280px) 100vw, 1280px\" \/>\t\t\t\t\t<\/a>\n\t\t\t\t\t\t\t<\/div>\n\t\t\t\t\t\t<h4 class=\"uagb-post__title uagb-post__text\">\n\t\t\t\t<a href=\"https:\/\/www.noxium.es\/en\/operadoras-de-telecomunicaciones-en-el-mundo-iot\/\" target=\"_self\" rel=\"bookmark noopener noreferrer\">Telecommunications Operators in the IoT world<\/a>\n\t\t\t<\/h4>\n\t\t\t\t\t\t<div class='uagb-post__text uagb-post-grid-byline'>\n\t\t\t\t\t\t\t\t<time datetime=\"2022-11-15T17:48:13+01:00\" class=\"uagb-post__date\">\n\t\t\t\t<span class=\"dashicons-calendar dashicons\"><\/span>\t\t\t\t\t15\/11\/2022\t\t\t\t<\/time>\n\t\t\t\t\t\t<\/div>\n\t\t\t\t\t\t\t<div class='uagb-post__text uagb-post__excerpt'>\n\t\t\t\t\t<p>Operadoras de Telecomunicaciones en el mundo IoT Torre de Telecomunicaciones La industria de las telecomunicaciones est\u00e1 inmersa en un proceso vertiginoso de cambio. A fecha de hoy, los ingresos de las operadoras ya no est\u00e1n basados mayoritariamente en la conectividad, y ante la presi\u00f3n imperiosa de incrementar sus&#8230;\t\t\t\t<\/div>\n\t\t\t\t\t\t<div class=\"uagb-post__text uagb-post__cta wp-block-button\">\n\t\t\t\t<a class=\"ast-outline-button uagb-text-link\" style=\"border-width: revert-layer;\" href=\"https:\/\/www.noxium.es\/en\/operadoras-de-telecomunicaciones-en-el-mundo-iot\/\" target=\"_self\" rel=\"bookmark noopener noreferrer\">Read More<\/a>\n\t\t\t<\/div>\n\t\t\t\n\t\t\t\t\t\t\t\t\t<\/article>\n\t\t\t\t\t\t\t\t\t\t\t\t\t\t\t\t<article class=\"uagb-post__inner-wrap\">\t\t\t\t\t\t\t\t<div class='uagb-post__image'>\n\t\t\t\t\t\t\t\t\t<a href=\"https:\/\/www.noxium.es\/en\/rentabilidad-en-la-innovacion\/\" target=\"_self\" rel=\"bookmark noopener noreferrer\" class='uagb-image-ratio-2-3'><img loading=\"lazy\" decoding=\"async\" width=\"1280\" height=\"640\" src=\"https:\/\/www.noxium.es\/wp-content\/uploads\/2022\/11\/internet-of-things-iot-network-4129218.jpg\" class=\"attachment-full size-full\" alt=\"internet of things, iot, network-4129218.jpg\" srcset=\"https:\/\/www.noxium.es\/wp-content\/uploads\/2022\/11\/internet-of-things-iot-network-4129218.jpg 1280w, https:\/\/www.noxium.es\/wp-content\/uploads\/2022\/11\/internet-of-things-iot-network-4129218-300x150.jpg 300w, https:\/\/www.noxium.es\/wp-content\/uploads\/2022\/11\/internet-of-things-iot-network-4129218-1024x512.jpg 1024w, https:\/\/www.noxium.es\/wp-content\/uploads\/2022\/11\/internet-of-things-iot-network-4129218-768x384.jpg 768w\" sizes=\"(max-width: 1280px) 100vw, 1280px\" \/>\t\t\t\t\t<\/a>\n\t\t\t\t\t\t\t<\/div>\n\t\t\t\t\t\t<h4 class=\"uagb-post__title uagb-post__text\">\n\t\t\t\t<a href=\"https:\/\/www.noxium.es\/en\/rentabilidad-en-la-innovacion\/\" target=\"_self\" rel=\"bookmark noopener noreferrer\">Profitability in innovation<\/a>\n\t\t\t<\/h4>\n\t\t\t\t\t\t<div class='uagb-post__text uagb-post-grid-byline'>\n\t\t\t\t\t\t\t\t<time datetime=\"2022-11-15T16:58:50+01:00\" class=\"uagb-post__date\">\n\t\t\t\t<span class=\"dashicons-calendar dashicons\"><\/span>\t\t\t\t\t15\/11\/2022\t\t\t\t<\/time>\n\t\t\t\t\t\t<\/div>\n\t\t\t\t\t\t\t<div class='uagb-post__text uagb-post__excerpt'>\n\t\t\t\t\tA menudo nos encontramos con varias opciones tecnol\u00f3gicas entre las que decidir. En el caso IoT por ejemplo, existen diversas opciones como pueden ser LTE, Sigfox o LORA. Cada una de estas opciones est\u00e1n optimizadas para determinados casos de uso\t\t\t\t<\/div>\n\t\t\t\t\t\t<div class=\"uagb-post__text uagb-post__cta wp-block-button\">\n\t\t\t\t<a class=\"ast-outline-button uagb-text-link\" style=\"border-width: revert-layer;\" href=\"https:\/\/www.noxium.es\/en\/rentabilidad-en-la-innovacion\/\" target=\"_self\" rel=\"bookmark noopener noreferrer\">Read More<\/a>\n\t\t\t<\/div>\n\t\t\t\n\t\t\t\t\t\t\t\t\t<\/article>\n\t\t\t\t\t\t\t\t\t\t\t\t\t<div class=\"uagb-post-pagination-wrap\">\n\t\t\t\t\t\t\t\t\t\t\t<\/div>\n\t\t\t\t\t\t\t\t<\/div>\n\t\t\t<\/div><\/div>","protected":false},"excerpt":{"rendered":"<p>Blog de noticias Bienvenidos al Blog de noticias Noxium sobre la actualidad m\u00e1s reciente del sector y las novedades, inquietudes [&hellip;]<\/p>","protected":false},"author":1,"featured_media":0,"parent":0,"menu_order":0,"comment_status":"closed","ping_status":"closed","template":"","meta":{"om_disable_all_campaigns":false,"_uag_custom_page_level_css":"","_monsterinsights_skip_tracking":false,"_monsterinsights_sitenote_active":false,"_monsterinsights_sitenote_note":"","_monsterinsights_sitenote_category":0,"site-sidebar-layout":"default","site-content-layout":"","ast-site-content-layout":"default","site-content-style":"default","site-sidebar-style":"default","ast-global-header-display":"","ast-banner-title-visibility":"","ast-main-header-display":"","ast-hfb-above-header-display":"","ast-hfb-below-header-display":"","ast-hfb-mobile-header-display":"","site-post-title":"disabled","ast-breadcrumbs-content":"","ast-featured-img":"","footer-sml-layout":"","theme-transparent-header-meta":"","adv-header-id-meta":"","stick-header-meta":"","header-above-stick-meta":"","header-main-stick-meta":"","header-below-stick-meta":"","astra-migrate-meta-layouts":"set","ast-page-background-enabled":"default","ast-page-background-meta":{"desktop":{"background-color":"var(--ast-global-color-4)","background-image":"","background-repeat":"repeat","background-position":"center center","background-size":"auto","background-attachment":"scroll","background-type":"","background-media":"","overlay-type":"","overlay-color":"","overlay-opacity":"","overlay-gradient":""},"tablet":{"background-color":"","background-image":"","background-repeat":"repeat","background-position":"center center","background-size":"auto","background-attachment":"scroll","background-type":"","background-media":"","overlay-type":"","overlay-color":"","overlay-opacity":"","overlay-gradient":""},"mobile":{"background-color":"","background-image":"","background-repeat":"repeat","background-position":"center center","background-size":"auto","background-attachment":"scroll","background-type":"","background-media":"","overlay-type":"","overlay-color":"","overlay-opacity":"","overlay-gradient":""}},"ast-content-background-meta":{"desktop":{"background-color":"var(--ast-global-color-5)","background-image":"","background-repeat":"repeat","background-position":"center center","background-size":"auto","background-attachment":"scroll","background-type":"","background-media":"","overlay-type":"","overlay-color":"","overlay-opacity":"","overlay-gradient":""},"tablet":{"background-color":"var(--ast-global-color-5)","background-image":"","background-repeat":"repeat","background-position":"center center","background-size":"auto","background-attachment":"scroll","background-type":"","background-media":"","overlay-type":"","overlay-color":"","overlay-opacity":"","overlay-gradient":""},"mobile":{"background-color":"var(--ast-global-color-5)","background-image":"","background-repeat":"repeat","background-position":"center center","background-size":"auto","background-attachment":"scroll","background-type":"","background-media":"","overlay-type":"","overlay-color":"","overlay-opacity":"","overlay-gradient":""}},"footnotes":""},"categories":[],"tags":[],"class_list":["post-211","page","type-page","status-publish","hentry"],"aioseo_notices":[],"uagb_featured_image_src":{"full":false,"thumbnail":false,"medium":false,"medium_large":false,"large":false,"1536x1536":false,"2048x2048":false,"trp-custom-language-flag":false,"mailpoet_newsletter_max":false},"uagb_author_info":{"display_name":"PabloNoxium","author_link":"https:\/\/www.noxium.es\/en\/author\/pablonoxium\/"},"uagb_comment_info":0,"uagb_excerpt":"Blog de noticias Bienvenidos al Blog de noticias Noxium sobre la actualidad m\u00e1s reciente del sector y las novedades, inquietudes [&hellip;]","_links":{"self":[{"href":"https:\/\/www.noxium.es\/en\/wp-json\/wp\/v2\/pages\/211"}],"collection":[{"href":"https:\/\/www.noxium.es\/en\/wp-json\/wp\/v2\/pages"}],"about":[{"href":"https:\/\/www.noxium.es\/en\/wp-json\/wp\/v2\/types\/page"}],"author":[{"embeddable":true,"href":"https:\/\/www.noxium.es\/en\/wp-json\/wp\/v2\/users\/1"}],"replies":[{"embeddable":true,"href":"https:\/\/www.noxium.es\/en\/wp-json\/wp\/v2\/comments?post=211"}],"version-history":[{"count":48,"href":"https:\/\/www.noxium.es\/en\/wp-json\/wp\/v2\/pages\/211\/revisions"}],"predecessor-version":[{"id":5582,"href":"https:\/\/www.noxium.es\/en\/wp-json\/wp\/v2\/pages\/211\/revisions\/5582"}],"wp:attachment":[{"href":"https:\/\/www.noxium.es\/en\/wp-json\/wp\/v2\/media?parent=211"}],"wp:term":[{"taxonomy":"category","embeddable":true,"href":"https:\/\/www.noxium.es\/en\/wp-json\/wp\/v2\/categories?post=211"},{"taxonomy":"post_tag","embeddable":true,"href":"https:\/\/www.noxium.es\/en\/wp-json\/wp\/v2\/tags?post=211"}],"curies":[{"name":"wp","href":"https:\/\/api.w.org\/{rel}","templated":true}]}}